{"id":4681,"date":"2022-12-12T08:28:01","date_gmt":"2022-12-12T08:28:01","guid":{"rendered":"https:\/\/synttergy.ro\/?page_id=4681"},"modified":"2023-01-31T15:16:23","modified_gmt":"2023-01-31T15:16:23","slug":"gdpr","status":"publish","type":"page","link":"https:\/\/synttergy.ro\/en\/gdpr\/","title":{"rendered":"GDPR"},"content":{"rendered":"<p>Societatea prelucreaza o serie de date cu caracter personal ale Utilizatorilor (fie ca sunt sau nu inregistrati) atunci cand utilizeaza Site-ul https:\/\/synttergy.ro\/ si\/sau orice Serviciu oferit de catre compania noastra.<br \/>\nAceasta politica de confidentialitate descrie ce tipuri de date cu caracter personal sunt prelucrate, cum sunt acestea utilizate, care sunt optiunile dvs. in legatura cu aceste prelucrari, precum si modul in care vom respecta drepturile pe care le aveti in calitate de persoana vizata conform legislatiei privind protectia datelor cu caracter personal, inclusiv Regulamentul (UE) 2016\/679 (\u201eGDPR\u201d).<br \/>\nINAINTE DE A UTILIZA SITE-UL SAU ORICARE DINTRE SERVICIILE NOASTRE, VA RECOMANDAM SA CITITI CU ATENTIE ACEASTA POLITICA PENTRU A INTELEGE CUM VA SUNT PRELUCRATE DATELE CU CARACTER PERSONAL.<\/p>\n<h4>1. CINE ESTE RESPONSABIL DE PRELUCRAREA DATELOR DVS.?<\/h4>\n<p>Synttergy Consult S.R.L., cu sediul \u00een Romania, este operatorul datelor cu caracter personal, conform legislatiei privind protectia datelor cu caracter personal inclusiv GDPR, in ceea ce priveste datele cu caracter personal ale Utilizatorilor colectate si prelucrate prin intermediul Site-ului https:\/\/synttergy.ro\/ si\/sau in contextul Serviciilor oferite prin intermediul sau in legatura cu Site-ul.<br \/>\nPentru activitatea de prelucrare a datelor cu caracter personal Societatea poate fi contactata folosind urmatoarele date de contact: office@synttergy.ro<\/p>\n<h4>2. CE DATE PRELUCRAM?<\/h4>\n<p>Societatea prelucreaz\u0103 datele personale pe care ni le furniza\u0163i atunci c\u00e2nd utiliza\u0163i Site-ul, va inregistrati pe pagina noastra, contractati un serviciu, v\u0103 \u00eenscrie\u0163i \u00een campaniile noastre (si\/sau campaniile organizate impreuna cu partenerii nostri), dori\u0163i s\u0103 primi\u0163i comunic\u0103ri comerciale sau s\u0103 participa\u0163i la sondajele \u015fi chestionarele noastre, sau ne contactati prin orice mijloace de comunicare In cazul in care contactat compania noastra Synttergy Consult S.R.L. prin intermediul forularului de contact prezent pe site-ul https:\/\/synttergy.ro\/, datele communicate de dvs.( nume, prenume, adresa, telefon,email si orice alte date personale comunicate) vor fii stocate si prelucrate doar dupa bifarea acceptului expres prezent in partea de jos a formularului de contact.De asemenea, utilizam module cookie si tehnologii similare pentru a va recunoaste pe dvs. si dispozitivele dvs. De asemenea, permitem altor persoane sa utilizeze module cookie. Modul in care utilizam aceste tehnologii sunt descrise in Politica privind Cookies..<\/p>\n<h4>3. FURNIZAREA UNOR OFERTE PERSONALIZATE<\/h4>\n<p>\u00cen anumite situa\u0163ii, putem utiliza informa\u0163iile colectate de la dvs. \u00een combina\u0163ie cu datele pe care le ob\u0163inem de la echipele noastre de v\u00e2nz\u0103ri \u015fi\/sau de marketing cu privire la interac\u0163iunea dvs. cu Societatea, pe care s\u0103 le folosim \u00een contextul comunic\u0103rilor noastre de marketing. Dorim s\u0103 eficientiz\u0103m activitatea noastr\u0103 de marketing, oferind clien\u0163ilor no\u015ftri produse \/ servicii relevante \u015fi personalizate.[De asemenea, dac\u0103 sunte\u0163i de acord, putem efectua analize avansate cu privire la interesele \u015fi preferin\u0163ele dvs. rezult\u00e2nd din informa\u0163iile pe care le de\u0163inem despre dvs. din interac\u0163iunea cu noi, precum \u015fi prin combinarea datelor ob\u0163inute de la ter\u0163i (e.g. prin intermediul tehnologiilor de analiz\u0103 a navig\u0103rii web) pentru a v\u0103 transmite comunic\u0103ri comerciale i adaptate nevoilor \u015fi preferin\u0163elor dvs.] Putem realiza diverse raport\u0103ri, analize \u015fi studii statistice cu privire la campaniile de marketing organizate \u015fi succesul acestora, activitatea de v\u00e2nz\u0103ri \/ prelucrare.<\/p>\n<h4>4. EXECUTAREA CONTRACTULUI INCHEIAT CU NOI<\/h4>\n<p>Atunci c\u00e2nd solicitati furnizarea unor servicii putem prelucra anumite date personale necesare pentru aceste scopuri (e.g. nume \u015fi prenume, adresa de livrare \/ furnizare, date de tranzac\u0163ionare, etc.)<\/p>\n<h4>5. GESTIUNEA RAPORTULUI DINTRE UTILIZATORI SI ASISTENTA<\/h4>\n<p>Avem interesul sa oferim servicii adecvate prin intermediul Site-ului tuturor persoanelor care il acceseaza. Prin urmare, prelucram o serie de date cu caracter personal pentru scopul gestiunii relatiilor cu Utilizatorii Site-ului, spre exemplu atunci cand ne contacteaza cu diverse intrebari sau solicitari privind functionalitatile Site-ului, intrebari cu privire la serviciile Societatii oferite prin Site etc. Temeiul juridic: art. 6(1)(f) GDPR \u2013 interes legitim constand in interesul nostru de a asigura servicii adecvate.<\/p>\n<h4>6. ANALIZE SI STATISTICI PRIVIND FUNCTIONAREA SITE-ULUI, COOKIES SI TEHNOLOGII SIMILARE<\/h4>\n<p>Putem folosi datele cu caracter personal pe care le furnizeaza Utilizatorii sau pe care le colectam in contextul utilizarii Serviciilor pentru scopul efecturarii unor analize si statistici privind Serviciile noastre, inclusiv a modului in care functioneaza Site-ul sau sunt oferite Serviciile. Analizele si statisticile pe care le facem ne ajuta sa intelegem mai bine cum am putea sa imbunatatim Serviciile noastre sau functionalitatile Site-ului.In efectuarea analizelor si statisticilor utilizam de asemenea cookies si alte tehnologii similare conform Politicii privind Cookies. De asemenea, cookie-urile si tehnologiile similare sunt utilizate pentru a va oferi publicitate bazata pe interes.<\/p>\n<h4>7. CONECTARE PRIN RETELE DE SOCIALIZARE<\/h4>\n<p>Am implementat diverse mecanisme de interconectare cu paginile de socializare, cum ar fi Facebook, Twitter, Youtube si Instagram si astfel sa aveti posiblitatea sa accesati continutul postat de noi pe Site si sau conturile noastre asociate pe acele retele sociale mai facil.Daca accesati contintul postat pe acele retele de socializare sau comentati pe acele retele de socializare, sau accesati Site-ul prin intermediul contului de Facebook, o serie de date publice din profilul dvs. de pe acele retele de socializare ne vor fi transmise si noua de catre operatorii acelor retele de socializare.<\/p>\n<h4>8. \u00ceNDEPLINIREA UNOR OBLIGATII LEGALE<\/h4>\n<p>Uneori prelucrarea datelor este necesar\u0103 pentru a ne \u00eendeplini obliga\u0163iile legale ce ne revin, cum ar fi: \u2022 raportarea c\u0103tre autorit\u0103\u0163ile fiscale relevante \u015fi \u0163inerea unor eviden\u0163e contabile; \u2022 arhivarea datelor conform legisla\u0163iei aplicabile.<\/p>\n<h4>9. APARAREA DREPTURILOR SI INTERESELOR IN JUSTITIE<\/h4>\n<p>Pentru constatarea, exercitarea sau ap\u0103rarea unui drept \u00een justi\u0163ie \u00een cadrul unei proceduri \u00een fa\u0163a unei instan\u0163e, a unei proceduri administrative sau a altor proceduri oficiale \u00een care este implicat\u0103 Societatea.<\/p>\n<h4>10. CUI DEZVALUIM DATELE<\/h4>\n<p>Putem dezvalui datele dvs cu caracter personal catre (i) entitatile si\/sau persoanele imputernicite de noi (din EEA sau din state terte) implicate in furnizarea Serviciilor, inclusiv in furnizarea comunicarilor comerciale (cum ar fi furnizorilor de centre de date, furnizori de servicii de plata pentru diverse facilitati de plata, furnizorii de platforme de e-mailing cum ar fi Google Mail), sau daca avem obligatia de a divulga datele personale in scopul conformarii cu orice obligatie legala sau decizie a unei autoritati judiciare, autoritati publice sau organ guvernamental; sau (iii) daca ni se cere sau ni se permite in alt mod sa facem acest lucru conform legislatie aplicabile.De asemenea, datele dvs cu caracter personale pot fi dezvaluite tertilor furnizori de cookies si tehnologii similare conform celor descrise in Politici privind Cookies.<\/p>\n<h4>11. CAT PASTRAM DATELE<\/h4>\n<p>Pastram datele dvs cu caracter personal cat este necesar pentru indeplinirea scopurilor pentru care au fost colectate, cu respectarea procedurilor interne privind retentia datelor, inclusiv a regulilor de arhivare aplicabile. Spre exemplu, daca sunteti un client de-al nostru, datele dvs. caracter personal vor fi pastrate pe intreaga durata a raporturilor contractuale, plus o perioada minima de 3 ani de la incetare (cat este termenul de prescriptie pentru actiuni in justitie). Ulterior, anumite date cu caracter personal ar putea fi pastrate pentru o perioada mai lunga, pentru scop de arhivare, conform regulilor de arhivare aplicabile.<\/p>\n<h4>12. CE DREPTURI AVETI IN CALITATE DE PERSOANA VIZATA?<\/h4>\n<p>Conform legii, va sunt recunoscute urmatoarele drepturi in calitate de persoana vizata:<br \/>\na)Dreptul de acces puteti obtine de la noi confirmarea ca prelucram datele dvs. personale, precum si informatii privind specificul prelucrarii<br \/>\nb)Dreptul de modificare puteti ne solicitati modificam datele dvs. personale incorecte ori, dupa caz, completarea datelor care sunt incomplete.<br \/>\nc)Dreptul la stergere puteti solicita stergerea datelor personale atunci cand: (i) acestea nu mai sunt necesare pentru scopurile pentru care le-am colectat si le prelucram; (ii) v-ati retras consimtamantul pentru prelucrarea datelor si noi nu le mai putem prelucra pe alte temeiuri legale; (iii) datele sunt prelucrate contrar legii; respectiv (iv) datele trebuie sterse conform legislatiei relevante.<br \/>\nd)Retragerea consimtamantului si dreptul de opozitie puteti sa va retrageti oricand consimtamantul cu privire la prelucrarea datelor pe baza de consimtamant. De asemenea va puteti opune oricand prelucrarilor pentru scop de marketing, inclusiv profilarilor efectuate in acest scop, precum si prelucrarilor bazate pe interesul legitim al Societatii, din motive care tin de situatia dvs. Specifica.<br \/>\ne)Restrictionare in anumite conditii puteti solicita restrictionarea prelucrarii datelor dvs. Personale<br \/>\nf)Dreptul la portabilitatea datelor in masura in care prelucram datele prin mijloace automate, puteti sa ne solicitati, in conditiile legii, sa furnizam datele dvs. intr-o forma structurata, utilizata frecvent si care poate fi citita in mod automat. Daca ne solicitati acest lucru, putem sa transmitem datele dvs. unei alte entitati, daca este posibil din punct de vedere tehnic.<br \/>\ng)Dreptul de a depune o plangerela autoritatea de supraveghere Aveti dreptul de a depune o plangere la autoritatea de supraveghere a prelucrarii datelor in cazul in care considerati ca v-au fost incalcate drepturile:Autoritatea Nationala pentru Supravegherea Datelor cu Caracter Personal din Romania B-dul G-ral. Gheorghe Magheru 28-30 Sector 1, cod postal 010336 Bucuresti, Romania anspdcp@dataprotection.ro<br \/>\nPENTRU EXERCITAREA DREPTURILOR MENTIONATE MAI SUS, NE PUTETI CONTACTA UTILIZAND ADRESA DE Email : office@synttergy.ro<\/p>","protected":false},"excerpt":{"rendered":"<p>Societatea prelucreaza o serie de date cu caracter personal ale Utilizatorilor (fie ca sunt sau nu inregistrati) atunci cand utilizeaza Site-ul https:\/\/synttergy.ro\/ si\/sau orice Serviciu oferit de catre compania noastra. Aceasta politica de confidentialitate descrie ce tipuri de date cu caracter personal sunt prelucrate, cum sunt acestea utilizate, care sunt optiunile dvs. in legatura cu [&hellip;]<\/p>","protected":false},"author":1,"featured_media":0,"parent":0,"menu_order":0,"comment_status":"closed","ping_status":"closed","template":"","meta":{"footnotes":""},"class_list":["post-4681","page","type-page","status-publish","hentry","wpbf-post"],"_links":{"self":[{"href":"https:\/\/synttergy.ro\/en\/wp-json\/wp\/v2\/pages\/4681","targetHints":{"allow":["GET"]}}],"collection":[{"href":"https:\/\/synttergy.ro\/en\/wp-json\/wp\/v2\/pages"}],"about":[{"href":"https:\/\/synttergy.ro\/en\/wp-json\/wp\/v2\/types\/page"}],"author":[{"embeddable":true,"href":"https:\/\/synttergy.ro\/en\/wp-json\/wp\/v2\/users\/1"}],"replies":[{"embeddable":true,"href":"https:\/\/synttergy.ro\/en\/wp-json\/wp\/v2\/comments?post=4681"}],"version-history":[{"count":3,"href":"https:\/\/synttergy.ro\/en\/wp-json\/wp\/v2\/pages\/4681\/revisions"}],"predecessor-version":[{"id":4796,"href":"https:\/\/synttergy.ro\/en\/wp-json\/wp\/v2\/pages\/4681\/revisions\/4796"}],"wp:attachment":[{"href":"https:\/\/synttergy.ro\/en\/wp-json\/wp\/v2\/media?parent=4681"}],"curies":[{"name":"wp","href":"https:\/\/api.w.org\/{rel}","templated":true}]}}