{"id":18,"date":"2022-04-13T09:47:55","date_gmt":"2022-04-13T09:47:55","guid":{"rendered":"https:\/\/synttergy.ro\/contact\/"},"modified":"2026-04-27T11:49:56","modified_gmt":"2026-04-27T11:49:56","slug":"contact","status":"publish","type":"page","link":"https:\/\/synttergy.ro\/en\/contact\/","title":{"rendered":"Contact"},"content":{"rendered":"<div class=\"brz brz-root__container brz-reset-all brz-root__container-page\" >\n<section id=\"avcjkaqsgeeyyqxkvphjopdhtjjggonrsosf_avcjkaqsgeeyyqxkvphjopdhtjjggonrsosf\" class=\"brz-section brz-css-d-section brz-css-nv3oh2\">\n<div class=\"brz-section__content brz-section--boxed brz-css-d-sectionitem-bg brz-css-1grocyd\" data-brz-custom-id=\"fdlcoqlmrolbiehlahzaxpocizfdevtamzyn\">\n<div class=\"brz-bg\">\n<div class=\"brz-bg-image\"><\/div>\n<div class=\"brz-bg-color\"><\/div>\n<\/div>\n<div class=\"brz-container brz-css-d-sectionitem-container brz-css-kejxw6\">\n<div id=\"\" class=\"brz-css-d-wrapper brz-css-yja2zs brz-wrapper\">\n<div class=\"brz-rich-text brz-rich-text__custom brz-css-d-richtext brz-css-11gulld\" data-brz-custom-id=\"lejnsokezdhyuaixxhwxdrgtkbmqxcocbepi\">\n<div data-brz-translate-text=\"1\">\n<h1 class=\"brz-tp-lg-heading1 brz-text-lg-center brz-css-eA5NN\" data-uniq-id=\"e9oxy\" data-generated-css=\"brz-css-twjzf\"><strong class=\"brz-cp-color2\">Ave\u021bi \u00centrebari?<\/strong><\/h1>\n<\/div>\n<\/div>\n<\/div>\n<div id=\"\" class=\"brz-css-d-wrapper brz-css-1k0mx1q brz-wrapper\">\n<div class=\"brz-rich-text brz-rich-text__custom brz-css-d-richtext brz-css-12r9bxv\" data-brz-custom-id=\"hcuhugeiwqybpgthclycyxxwlnbpaxmiugyo\">\n<div data-brz-translate-text=\"1\">\n<h4 class=\"brz-text-lg-center brz-tp-lg-heading4 brz-css-oJDgP\" data-uniq-id=\"ylhLl\" data-generated-css=\"brz-css-mQyx6\"><span class=\"brz-cp-color2\">Contacta\u021bi-ne folosind una din metodele de mai jos<\/span><\/h4>\n<\/div>\n<\/div>\n<\/div>\n<\/div>\n<\/div>\n<\/section>\n<section id=\"mxrggrpbdyitxnscrfuglbnjfkjirnspmdju_mxrggrpbdyitxnscrfuglbnjfkjirnspmdju\" class=\"brz-section brz-css-d-section brz-css-omadyk\">\n<div class=\"brz-section__content brz-section--boxed brz-css-d-sectionitem-bg brz-css-1vw6jzd\" data-brz-custom-id=\"wnjfiwyoomxoosfnhyccxryssshcohuvtfgk\">\n<div class=\"brz-bg\">\n<div class=\"brz-bg-color\"><\/div>\n<\/div>\n<div class=\"brz-container brz-css-d-sectionitem-container brz-css-3b1tf1\">\n<div class=\"brz-row__container brz-css-d-row-row brz-css-1tfj6th\" data-brz-custom-id=\"wolrghhjtymiehrlxrxnvcsivodzznecobqj\">\n<div class=\"brz-row brz-css-d-row-container brz-css-r-row-container brz-css-i1l1qd\">\n<div class=\"brz-columns brz-css-d-column-column brz-css-1esrio2\" data-brz-custom-id=\"utvontjhtlkyimpzbtopjjnipojcrbnwsbdz\">\n<div class=\"brz-column__items brz-css-d-column-bg brz-css-x67qom\">\n<div id=\"\" class=\"brz-css-d-wrapper brz-css-r-wrapper brz-css-xjfgq7 brz-wrapper\">\n<div class=\"brz-spacer brz-css-d-spacer brz-css-rspcys\"><\/div>\n<\/div>\n<div id=\"\" class=\"brz-css-d-wrapper brz-css-1jx43ef brz-wrapper\">\n<div class=\"brz-rich-text brz-rich-text__custom brz-css-d-richtext brz-css-hwhzjl\" data-brz-custom-id=\"pzukspydipyjmsepyjboelkzvduddzmrmjad\">\n<div data-brz-translate-text=\"1\">\n<p class=\"brz-text-lg-left brz-bcp-color8 brz-tp-lg-subtitle brz-css-lU1lN\" data-uniq-id=\"jeCpR\" data-generated-css=\"brz-css-lI7w2\"><span class=\"brz-cp-color8\">C\u00e2nd ave\u021bi nevoie de informa\u021bii, dorim s\u0103 v\u0103 r\u0103spundem.<\/span><\/p>\n<p class=\"brz-text-lg-left brz-tp-lg-subtitle brz-css-nuOAC\" data-uniq-id=\"fynIU\" data-generated-css=\"brz-css-ego_A\"><\/p>\n<p class=\"brz-text-lg-left brz-bcp-color8 brz-tp-lg-subtitle brz-css-tKgIe\" data-uniq-id=\"tFpHv\" data-generated-css=\"brz-css-pd1N0\"><strong class=\"brz-cp-color8\">A r\u0103mas ceva de rezolvat?<\/strong><span class=\"brz-cp-color8\"> Semnala\u021bi-ne ca s\u0103 putem solu\u021biona.<\/span><\/p>\n<p class=\"brz-text-lg-left brz-tp-lg-subtitle brz-css-ysggF\" data-uniq-id=\"cwIgC\" data-generated-css=\"brz-css-p0FMR\"><\/p>\n<p class=\"brz-text-lg-left brz-bcp-color8 brz-tp-lg-subtitle brz-css-rIGKv\" data-uniq-id=\"g5dd_\" data-generated-css=\"brz-css-icT6H\"><span class=\"brz-cp-color8\">Ne intereseaz\u0103 sugestiile dumneavoastr\u0103 pentru c\u0103 dorim s\u0103 v\u0103 oferim servicii din ce \u00een ce mai bune.<\/span><\/p>\n<p class=\"brz-text-lg-left brz-tp-lg-subtitle brz-css-egLGf\" data-uniq-id=\"qDJ6B\" data-generated-css=\"brz-css-wU9ou\"><\/p>\n<p class=\"brz-text-lg-left brz-bcp-color8 brz-tp-lg-subtitle brz-css-jNR7x\" data-uniq-id=\"icp1Q\" data-generated-css=\"brz-css-avPU5\"><span class=\"brz-cp-color8\">Pentru <\/span><strong class=\"brz-cp-color8\">sesiz\u0103ri sau sugestii \u00een leg\u0103tur\u0103 cu produsele sau comenzile dumneavoastr\u0103 <\/strong><span class=\"brz-cp-color8\">suna\u021bi la 021 252 23 58 sau 0725 913 925 persoana de contact <\/span><strong class=\"brz-cp-color8\">Ana Maria Petre<\/strong><span class=\"brz-cp-color8\">, sau scrie\u021bi-ne la <\/span><strong class=\"brz-cp-color8\">petre.ana@synttergy.ro.<\/strong><\/p>\n<p class=\"brz-text-lg-left brz-bcp-color8 brz-tp-lg-subtitle brz-css-aIAnM\" data-uniq-id=\"k6Wd7\" data-generated-css=\"brz-css-uGA18\"><span class=\"brz-cp-color8\"> <\/span><\/p>\n<p class=\"brz-text-lg-left brz-bcp-color8 brz-tp-lg-subtitle brz-css-uTl_J\" data-uniq-id=\"tqcIX\" data-generated-css=\"brz-css-u60ro\"><span class=\"brz-cp-color8\">Pentru <\/span><strong class=\"brz-cp-color8\">suport tehnic<\/strong><span class=\"brz-cp-color8\"> suna\u021bi la 0720.534.045, persoana de contact <\/span><strong class=\"brz-cp-color8\">Cristian Dinescu,<\/strong><span class=\"brz-cp-color8\"> sau scrie\u021bi-ne la <\/span><strong class=\"brz-cp-color8\">cristi@synttergy.ro. <\/strong><\/p>\n<\/div>\n<\/div>\n<\/div>\n<\/div>\n<\/div>\n<div class=\"brz-columns brz-css-d-column-column brz-css-1yz8ybn\" data-brz-custom-id=\"lbzgwlvmhzmaormkmypunrrtzkvewblictjw\">\n<div class=\"brz-bg\">\n<div class=\"brz-bg-image\"><\/div>\n<div class=\"brz-bg-color\"><\/div>\n<\/div>\n<div class=\"brz-column__items brz-css-d-column-bg brz-css-1xbropn\">\n<div id=\"\" class=\"brz-css-d-wrapper brz-css-4bxt8i brz-wrapper\">\n<div data-brz-form-version=\"2\" class=\"brz-forms2 brz-css-d-form2-form brz-css-1qlmoj4\" data-brz-custom-id=\"ofgbiwlxjdldystcqzgyheskfdemtsnpfffh\">\n<form class=\"brz-form brz-d-xs-flex brz-flex-xs-wrap\" novalidate=\"\" action=\"https:\/\/synttergy.ro\/wp-admin\/admin-ajax.php?nonce=2d30ef8af0&amp;action=brizy_submit_form\" data-brz-form-id=\"ofgbiwlxjdldystcqzgyheskfdemtsnpfffh\" data-brz-project-id=\"25a569a16a6175e335137c5602683ba6\" data-brz-success=\"Your email was sent successfully\" data-brz-error=\"Your email was not sent\" data-brz-redirect=\"\" data-brz-empty=\"Please fill in the required fields\" data-brz-form-type=\"default\" data-brz-translatable-default-success=\"Your email was sent successfully\" data-brz-translatable-default-error=\"Your email was not sent\" data-brz-translatable-default-empty=\"Please fill in the required fields\" data-brz-translatable-default-invalid=\"Please check your entry and try again\" data-brz-translatable-default-invalid-email=\"Please enter a valid email address (e.g., name@example.com)\">\n<div data-brz-translate-text=\"1\" class=\"brz-forms2__item brz-css-d-form2fields-fields brz-css-9ipl38 brz-css-d-form2field-field brz-css-q5c6bz\"><input type=\"text\" id=\"snqEwvJV0DD2_fdb4ad6a8daea704e274\" name=\"kgykghhdjrmgoctywztassqkggraxgpzmzkp\" placeholder=\"Nume \u0219i Prenume\" required=\"\" data-brz-type=\"Text\" data-brz-label=\"Nume \u0219i Prenume\" data-brz-placeholder=\"Nume \u0219i Prenume\" class=\"brz-input brz-forms2__field brz-forms2__field-text\" value=\"\"><\/div>\n<div data-brz-translate-text=\"1\" class=\"brz-forms2__item brz-css-d-form2fields-fields brz-css-9ipl38 brz-css-d-form2field-field brz-css-gvbgyp\"><input type=\"email\" id=\"qC4p76wXOLyT_6a9542885f7ffe37a329\" name=\"jqxqqxlpepnwelpmarhummtkylnhkxhigbiw\" placeholder=\"Email\" required=\"\" pattern=\"%5E((%5B%5E%3C%3E%5C(%5C)%5C%5B%5C%5D%5C%5C.,;:%5Cs@%22%5D+(%5C.%5B%5E%3C%3E%5C(%5C)%5C%5B%5C%5D%5C%5C.,;:%5Cs@%22%5D+)*)%7C(%22.+%22))@((%5C%5B%5B0-9%5D%7B1,3%7D%5C.%5B0-9%5D%7B1,3%7D%5C.%5B0-9%5D%7B1,3%7D%5C.%5B0-9%5D%7B1,3%7D%5C%5D)%7C((%5Ba-zA-Z%5C-0-9%5D+%5C.)+%5Ba-zA-Z%5D%7B2,%7D))$\" data-brz-type=\"Email\" data-brz-label=\"Email\" data-brz-placeholder=\"Email\" maxlength=\"255\" class=\"brz-input brz-forms2__field brz-forms2__field-email\" value=\"\"><\/div>\n<div data-brz-translate-text=\"1\" class=\"brz-forms2__item brz-css-d-form2fields-fields brz-css-9ipl38 brz-css-d-form2field-field brz-css-zvfdem\"><input type=\"text\" id=\"bzXYlJUpclg5_52c2d1c4826db9370c4f\" name=\"ctnzbtccrobeckuajehekixugeoovltqjcmi\" placeholder=\"Nr. Telefon\" data-brz-type=\"Text\" data-brz-label=\"Nr. Telefon\" data-brz-placeholder=\"Nr. Telefon\" class=\"brz-input brz-forms2__field brz-forms2__field-text\" value=\"\"><\/div>\n<div data-brz-translate-text=\"1\" class=\"brz-forms2__item brz-css-d-form2fields-fields brz-css-9ipl38 brz-css-d-form2field-field brz-css-16px20m\"><textarea id=\"spG1lmGagXkB_112dd8d178fe31832909\" name=\"qtjqbqyeihhzcenemedrpzakikyhrsekoeoa\" placeholder=\"Mesaj\" data-brz-type=\"Paragraph\" data-brz-label=\"Mesaj\" data-brz-placeholder=\"Mesaj\" class=\"brz-textarea brz-forms2__field brz-forms2__field-paragraph\"><\/textarea><\/div>\n<div data-brz-translate-text=\"1\" class=\"brz-forms2__item brz-css-d-form2fields-fields brz-css-9ipl38 brz-css-d-form2field-field brz-css-u25g1k\">\n<div class=\"brz-forms2__field brz-forms2__checkbox\">\n<div class=\"brz-control__check-group brz-forms2__checkbox-options\" data-value=\"Prin utilizarea acestui formular sunteti de acord cu stocarea si manipularea datelor dvs. pe acest site web.,Prin utilizarea acestui formular v\u0103 exprima\u021bi acordul privind stocarea \u0219i utilizarea ulterioar\u0103 a datelor dvs. pe acest site web.,\">\n<div data-brz-translate-text=\"1\" class=\"brz-control__check-group-option brz-forms2__checkbox-option\"><input id=\"unloX5_CYi2a_c15d8ba3d3ab5ffd5015\" class=\"brz-input\" type=\"checkbox\" name=\"tqkpokalhbcuquupbgyjmpyyrgpkapaophun\" required=\"\" data-brz-type=\"Checkbox\" data-brz-label=\"\" value=\"Prin utilizarea acestui formular v\u0103 exprima\u021bi acordul privind stocarea \u0219i utilizarea ulterioar\u0103 a datelor dumneavoastr\u0103 pe acest site web.\"><label class=\"brz-label\" for=\"unloX5_CYi2a_c15d8ba3d3ab5ffd5015\"><\/p>\n<div class=\"brz-control__check-group-icon brz-control__check-group--check\"><svg class=\"brz-icon-svg align-[initial] brz-d-block\"><use href=\"\/wp-content\/plugins\/brizy\/public\/editor-build\/prod\/editor\/icons\/editor\/check-square-on.svg#brz_icon\"><\/use><\/svg><\/div>\n<div class=\"brz-control__check-group-icon brz-control__check-group--uncheck\"><svg class=\"brz-icon-svg align-[initial] brz-d-block\"><use href=\"\/wp-content\/plugins\/brizy\/public\/editor-build\/prod\/editor\/icons\/editor\/check-square-off.svg#brz_icon\"><\/use><\/svg><\/div>\n<p><span class=\"brz-forms2__checkbox-option-name brz-span\">Prin utilizarea acestui formular v\u0103 exprima\u021bi acordul privind stocarea \u0219i utilizarea ulterioar\u0103 a datelor dumneavoastr\u0103 pe acest site web.<\/span><\/label><\/div>\n<\/div>\n<\/div>\n<\/div>\n<div class=\"brz-forms2 brz-forms2__item brz-forms2__item-button\" data-brz-custom-id=\"ofgbiwlxjdldystcqzgyheskfdemtsnpfffh\"><button class=\"brz-btn brz-btn-submit brz-css-d-button-bg brz-css-1vdfit1\" data-brz-custom-id=\"ddcucouwgreurlraopqewwvberzpdegmkpvr\"><svg class=\"brz-icon-svg align-[initial] brz-css-d-button-icon brz-css-52dnw\"><use href=\"\/wp-content\/plugins\/brizy\/public\/editor-build\/prod\/editor\/icons\/glyph\/tail-right.svg#nc_icon\"><\/use><\/svg><span data-brz-translate-text=\"1\" class=\"brz-span brz-text__editor\">TRIMITE<\/span><\/button><svg class=\"brz-icon-svg align-[initial] brz-form-spinner brz-invisible brz-ed-animated--spin\"><use href=\"\/wp-content\/plugins\/brizy\/public\/editor-build\/prod\/editor\/icons\/glyph\/circle-02.svg#nc_icon\"><\/use><\/svg><\/div>\n<div class=\"brz-forms2__messages brz-css-d-form2-messages\"><\/div>\n<div class=\"brz-g-recaptcha\" data-sitekey=\"\" data-size=\"invisible\" data-callback=\"brzFormV2Captcha\"><\/div>\n<\/form>\n<\/div>\n<\/div>\n<\/div>\n<\/div>\n<\/div>\n<\/div>\n<\/div>\n<\/div>\n<\/section><\/div>\n<p><!-- version:1777290596 --><\/p>\n","protected":false},"excerpt":{"rendered":"<p>Ave\u021bi \u00centrebari? Contacta\u021bi-ne folosind una din metodele de mai jos C\u00e2nd ave\u021bi nevoie de informa\u021bii, dorim s\u0103 v\u0103 r\u0103spundem. A r\u0103mas ceva de rezolvat? Semnala\u021bi-ne ca s\u0103 putem solu\u021biona. Ne intereseaz\u0103 sugestiile dumneavoastr\u0103 pentru c\u0103 dorim s\u0103 v\u0103 oferim servicii din ce \u00een ce mai bune. Pentru sesiz\u0103ri sau sugestii \u00een leg\u0103tur\u0103 cu produsele sau [&hellip;]<\/p>\n","protected":false},"author":1,"featured_media":0,"parent":0,"menu_order":7,"comment_status":"closed","ping_status":"closed","template":"brizy-blank-template.php","meta":{"footnotes":""},"class_list":["post-18","page","type-page","status-publish","hentry","wpbf-post"],"brizy_media":[{"id":3820,"url":"https:\/\/synttergy.ro\/wp-content\/uploads\/2022\/05\/contact-page.jpeg","name":"contact-page.jpeg","meta":{"brizy_attachment_uid":"wp-c73db8db89d7103d3de4f473d732ce99.jpeg","brizy_post_uid":["03b2aca373c756da45bdde3717a91aea"]}},{"id":4478,"url":"https:\/\/synttergy.ro\/wp-content\/uploads\/2022\/10\/Header-site-2551-x-208px.jpg","name":"Header-site-2551-x-208px.jpg","meta":{"brizy_attachment_uid":"wp-1e9f49df7dc1c8ad1d6a7ace3e2580d8.jpg","brizy_post_uid":["b807c909068661e998c11120bbb5b1ab","efa42bf1ed6384fc346c4a02f3bd744e","141aa7384ac70ad3f6a75704be3cd266","77233ee73d1b4f501a56294f057f87ed","7d0f9f11b9b790c8a136ba7ed0e7c70a","8e12a50ed1a51cd1b16274e1db148ebd","aae728fc15504ae62beae2660ec91de8","3e7466cd3a3d6604a30cbf5aa47e118b","03b2aca373c756da45bdde3717a91aea","f973191a4b89b336ea10d7be0d624c32"]}},{"id":4479,"url":"https:\/\/synttergy.ro\/wp-content\/uploads\/2022\/10\/Header-site-2551-x-208px_-01-copy.jpg","name":"Header-site-2551-x-208px_-01-copy.jpg","meta":{"brizy_attachment_uid":"wp-152f9bf64d11770ae896001c4d62a12e.jpg","brizy_post_uid":["b807c909068661e998c11120bbb5b1ab","7d0f9f11b9b790c8a136ba7ed0e7c70a","8e12a50ed1a51cd1b16274e1db148ebd","aae728fc15504ae62beae2660ec91de8","03b2aca373c756da45bdde3717a91aea","3e7466cd3a3d6604a30cbf5aa47e118b","f973191a4b89b336ea10d7be0d624c32"]}}],"_links":{"self":[{"href":"https:\/\/synttergy.ro\/en\/wp-json\/wp\/v2\/pages\/18","targetHints":{"allow":["GET"]}}],"collection":[{"href":"https:\/\/synttergy.ro\/en\/wp-json\/wp\/v2\/pages"}],"about":[{"href":"https:\/\/synttergy.ro\/en\/wp-json\/wp\/v2\/types\/page"}],"author":[{"embeddable":true,"href":"https:\/\/synttergy.ro\/en\/wp-json\/wp\/v2\/users\/1"}],"replies":[{"embeddable":true,"href":"https:\/\/synttergy.ro\/en\/wp-json\/wp\/v2\/comments?post=18"}],"version-history":[{"count":26,"href":"https:\/\/synttergy.ro\/en\/wp-json\/wp\/v2\/pages\/18\/revisions"}],"predecessor-version":[{"id":5084,"href":"https:\/\/synttergy.ro\/en\/wp-json\/wp\/v2\/pages\/18\/revisions\/5084"}],"wp:attachment":[{"href":"https:\/\/synttergy.ro\/en\/wp-json\/wp\/v2\/media?parent=18"}],"curies":[{"name":"wp","href":"https:\/\/api.w.org\/{rel}","templated":true}]}}